{"id":5,"date":"2024-01-16T16:50:08","date_gmt":"2024-01-16T15:50:08","guid":{"rendered":"https:\/\/docteurnourbouazza.be\/?page_id=5"},"modified":"2024-02-14T15:18:13","modified_gmt":"2024-02-14T14:18:13","slug":"consultation-en-medecine-generale-sur-pont-a-celles","status":"publish","type":"page","link":"https:\/\/www.docteurnourbouazza.be\/","title":{"rendered":"Consultation en M\u00e9decine G\u00e9n\u00e9rale sur Pont-\u00e0-Celles"},"content":{"rendered":"\n<p><\/p>\n\n\n\n<p>M\u00e9decine g\u00e9n\u00e9rale conventionn\u00e9e.<br><br><strong>Les consultations <\/strong>se font sur rendez-vous <a href=\"https:\/\/prendre-mon-rdv.com\/dr-nour-bouazza\/medecin-generaliste\/pont-a-celles\">en cliquant ici<\/a>.<br>Si il n\u2019y a plus de place et que vous devez absolument \u00eatre vu le jour-m\u00eame, vous pouvez <strong>appeler le secr\u00e9tariat<\/strong> au <strong>0493\/45.36.98<\/strong>. <br>Des plages de consultations d&rsquo;urgences, non accessibles, sont pr\u00e9vues tous les jours.<br><strong><span style=\"text-decoration: underline;\">Attention:<\/span><\/strong><br>&#8211;\u00a0<strong>Un rendez-vous par patient<\/strong>.<br>&#8211; Merci de toujours se pr\u00e9senter avec sa\u00a0<strong>carte d&rsquo;identit\u00e9 eID ou ISI+<\/strong>\u00a0\u00e0 la consultation.<br>&#8211;\u00a0Aucun message (appel, sms) ne sera trait\u00e9 en dehors des heures de consultations. Veuillez composer le\u00a0<strong>1733<\/strong>\u00a0hors heures ouvrables ou le <strong>112<\/strong> en cas d&rsquo;urgence vitale.<\/p>\n\n\n\n<p><\/p>\n\n\n\n<p><strong>Les visites \u00e0 domiciles<\/strong> se feront&nbsp;par demande via SMS au 0493\/45.36.98 <span style=\"text-decoration: underline;\">avant 10h le jour-m\u00eame<\/span>.<strong> Elle sont uniquement r\u00e9serv\u00e9es aux patients grabataires ou ne pouvant pas faire le d\u00e9placement.<\/strong> Il y a \u00e9galement des plages horaires pr\u00e9vues \u00e0 cet effet. Il m&rsquo;est impossible de garantir un horaire de visite pr\u00e9cis parce que je planifie mes d\u00e9placements en fonction de l&rsquo;urgence et de la demande.<\/p>\n\n\n\n<p><\/p>\n\n\n\n<p><strong>Pour les demandes de r\u00e9sultats:<\/strong><br>Si vous avez besoin de vos r\u00e9sultats urgemment, il est pr\u00e9f\u00e9rable de prendre rendez-vous en consultation.<br><span style=\"text-decoration: underline;\">D\u00e9lai de r\u00e9ception des r\u00e9sultats:<\/span><br>&#8211;&nbsp;Prise de sang :&nbsp;<strong>3 \u00e0 5 jours<\/strong>&nbsp;ouvrables.<br>&#8211;&nbsp;Radiographie&nbsp;:&nbsp;<strong>3 \u00e0 5 jours<\/strong>&nbsp;ouvrables.<br>&#8211;&nbsp;IRM \/ Scanner&nbsp;:&nbsp;<strong>10 \u00e0 15 jours<\/strong>&nbsp;ouvrables.<br>&#8211;&nbsp;Biopsie (colonoscopie, gastroscopie, dermatologie) :<strong>&nbsp;20-25 jours<\/strong>&nbsp;ouvrables.<\/p>\n\n\n\n<p><\/p>\n\n\n\n<p><strong>Pour les ordonnances:<\/strong><br>Les ordonnances pour les traitements chroniques seront \u00e9tablies en tenant compte des besoins sp\u00e9cifiques de chaque patient. Id\u00e9alement, je pr\u00e9f\u00e8re vous recevoir en consultation pour renouveler une ordonnance. Cependant, si cela n&rsquo;est pas possible pour vous, il est envisageable de vous faire parvenir l&rsquo;ordonnance sur votre carte d&rsquo;identit\u00e9 dans les 72 heures, sous certaines conditions. Veuillez noter que je me r\u00e9serve le droit de refuser une demande d&rsquo;ordonnance si elle n&rsquo;est pas justifi\u00e9e.<\/p>\n\n\n\n<p><\/p>\n\n\n\n<p>Au plaisir de vous recevoir,<br>Dr Nour BOUAZZA<\/p>\n\n\n\n<p><\/p>\n\n\n\n<p><\/p>\n","protected":false},"excerpt":{"rendered":"<p>M\u00e9decine g\u00e9n\u00e9rale conventionn\u00e9e. Les consultations se font sur rendez-vous en cliquant ici.Si il n\u2019y a plus de place et que vous devez absolument \u00eatre vu le jour-m\u00eame, vous pouvez appeler le secr\u00e9tariat au 0493\/45.36.98. Des plages de consultations d&rsquo;urgences, non accessibles, sont pr\u00e9vues tous les jours.Attention:&#8211;\u00a0Un rendez-vous par patient.&#8211; Merci de toujours se pr\u00e9senter avec [&hellip;]<\/p>\n","protected":false},"author":1,"featured_media":0,"parent":0,"menu_order":0,"comment_status":"closed","ping_status":"closed","template":"","meta":{"saved_in_kubio":true,"footnotes":""},"class_list":["post-5","page","type-page","status-publish","hentry"],"kubio_ai_page_context":{"short_desc":"","purpose":"general"},"_links":{"self":[{"href":"https:\/\/www.docteurnourbouazza.be\/index.php?rest_route=\/wp\/v2\/pages\/5","targetHints":{"allow":["GET"]}}],"collection":[{"href":"https:\/\/www.docteurnourbouazza.be\/index.php?rest_route=\/wp\/v2\/pages"}],"about":[{"href":"https:\/\/www.docteurnourbouazza.be\/index.php?rest_route=\/wp\/v2\/types\/page"}],"author":[{"embeddable":true,"href":"https:\/\/www.docteurnourbouazza.be\/index.php?rest_route=\/wp\/v2\/users\/1"}],"replies":[{"embeddable":true,"href":"https:\/\/www.docteurnourbouazza.be\/index.php?rest_route=%2Fwp%2Fv2%2Fcomments&post=5"}],"version-history":[{"count":15,"href":"https:\/\/www.docteurnourbouazza.be\/index.php?rest_route=\/wp\/v2\/pages\/5\/revisions"}],"predecessor-version":[{"id":92,"href":"https:\/\/www.docteurnourbouazza.be\/index.php?rest_route=\/wp\/v2\/pages\/5\/revisions\/92"}],"wp:attachment":[{"href":"https:\/\/www.docteurnourbouazza.be\/index.php?rest_route=%2Fwp%2Fv2%2Fmedia&parent=5"}],"curies":[{"name":"wp","href":"https:\/\/api.w.org\/{rel}","templated":true}]}}